{"id":11,"date":"2015-03-02T10:16:22","date_gmt":"2015-03-02T09:16:22","guid":{"rendered":"http:\/\/victor4ap.apconsult.at\/~user447\/?page_id=11"},"modified":"2024-04-03T09:58:26","modified_gmt":"2024-04-03T07:58:26","slug":"referenzen","status":"publish","type":"page","link":"https:\/\/www.starsandpictures.com\/en\/referenzen\/","title":{"rendered":"Customers"},"content":{"rendered":"<p><\/p>\n<p style=\"text-align: justify;\">ADIDAS &#8211; ADLER MODE &#8211; AGIP &#8211; AIR PLUS CARD &#8211; A LA CARTE MAGAZIN &#8211; AKH PEOPLE MAGAZIN &#8211; ALLIANZ VERSICHERUNG &#8211; ALTESSA MODE &#8211; AGENCY MUSIC &#8211; ANGLO IRISH BANK &#8211; APCOA &#8211; ASTRA ZENEKA PHARMA &#8211; ARGE GR\u00dcN ARCHITEKTUR &#8211; ATB ANTRIEBSTECHNIK &#8211; AUSTRIAN AIRLINES &#8211; AVEREL GROUP &#8211; CANADA AXIMA &#8211; BACKHAUSEN &#8211; BACKALDRIN &#8211; B\u00c4CKERINNUNG &#8211; BAKALOWITS &#8211; BAUER DRUCK KG &#8211; BAUMAX &#8211; BANKHAUS CARL SP\u00c4NGLER &amp; CO. AG &#8211; BEIERSDORF &#8211; BELINI LIVING &#8211; BILLA &#8211; BIOTHERM KOSMETIK- BLUMEN DOLL\u00b4S &#8211; BLUMEN FEICHTINGER &#8211; BOEHRINGER INGELHEIM &#8211; B\u00d6HLER &#8211; BUERLECITHIN &#8211; BP AUSTRIA &#8211; BUNDESL\u00c4NDER VERSICHERUNG &#8211; CAFE MINISTERIUM &#8211; CAMUS &#8211; CASINOS AUSTRIA &#8211; CITI GROUP PRIVATE BANK USA &#8211; CLINICLOWNS &#8211; COMMODORE COMPUTER &#8211; CONWERT IMMOBILIEN INVEST AG &#8211; COCOON MODE &#8211; HOTEL CROWNE PLAZA VIENNA &#8211; DINERS CLUB AUSTRIA &#8211; DOROTHEUM WIEN &#8211; DR GESUNDHEITSMAGAZIN &#8211; ECO BUSINESS IMMOBILIEN AG &#8211; EINKAUFSZENTRUM SIMMERING &#8211; ELEKTRO FACHHANDEL AUSTRIA &#8211; ELEKTRO HAAS &#8211; ELI LILLY PHARMACEUTICALS EUROPE &#8211; EMI MUSIC &#8211; AUSTRIA HOTEL EPIKUR &#8211; ESKA INTERNATIONAL &#8211; EUROP\u00c4ISCHE REISEVERSICHERUNG AG &#8211; EUROFINANCE LONDON &#8211; EVENT PRODUCTION &#8211; EXPERT &#8211; FARBENPROFI &#8211; FELIX AUSTRIA &#8211; FEH &#8211; FIFTY M\u00d6BEL &#8211; FIRN-AROSA &#8211; FRISUREN SEKYRA &#8211; F\u00dcRNKRANZ MODE &#8211; FORD MOTOR COMPANY &#8211; GASTHAUS LEBENSZEIT &#8211; GENERALI VERSICHERUNG &#8211; GESIG SIGNALANLAGENBAU &#8211; GO 11 &#8211; GRANINNI FRUCHTS\u00c4FTE &#8211; GREEN CLEAN &#8211; HEROLD VERLAG &#8211; HEXAL PHARMA &#8211; HILD AG &#8211; HOTEL ARKADENHOF &#8211; HOTEL BURG BERNSTEIN &#8211; HOTEL INTERCONTINENTAL VIENNA &#8211; HOTEL LEVANTE &#8211; HOTEL DANUBE CITY &#8211; SEEHOTEL ENZIAN &#8211; HOTEL PANHANS SEMMERING &#8211; HOTEL SCHLOSSGASTHOF ROSENBURG &#8211; HOTEL WAGNER &#8211; IBM AUSTRIA EASTERN EUROPE &#8211; IMS VIENNA INCOMING MARKETING SERVICES &#8211; IGNM MUSIKHOCHSCHULE &#8211; IKEA &nbsp;&#8211; ISCHGL TVB &nbsp;&#8211; INZERSDORFER &#8211; IPA &#8211; ISI &#8211; ISOVOLTA &#8211; ISTOR &#8211; JACOBS KAFFEE &#8211; KERBLER HOLDING &#8211; KRAFT FOODS &#8211; KR\u00d6SWANG &#8211; J\u00c4GERMEISTER &#8211; JA ZU A &#8211; JAKEL GR\u00dcNBAU &#8211; KAICIID INTERNATIONAL CENTRE &#8211; KAPSCH &#8211; K\u00d6MMERLING FENSTER &#8211; KONSUMENTEN MAGAZIN &#8211; KUNSTHANDEL LISI BLAU &#8211; KUNSTHANDEL ZACKE &#8211; KORES &#8211; LICHTERLOH DESIGNM\u00d6BEL &#8211; LUCANSKY B\u00dcROM\u00d6BEL &#8211; LEITNER M\u00d6BEL &#8211; &nbsp;MA 33<\/p>\n<div style=\"text-align: justify;\">MANHATTEN FITNESSSCLUB &#8211; MCE VOEST &#8211; MERCK SHARP&amp;DOHME &nbsp;&#8211; MSG GALERIE &#8211; MOBIL OIL AUSTRIA &#8211; NECKERMANN AUSTRIA &#8211; NEOS \u00d6STERREICH &#8211; NIEDER\u00d6STERREICHISCHE VERSICHERUNG &#8211; NEWS MAGAZIN &#8211; NOVO NORDISK PHARMA INTL. &#8211; OBERBANK &#8211; O\u00d6 NACHRICHTEN &#8211; \u00d6BB &#8211; OIL OF OLAZ &#8211; OK RADIO HAMBURG &#8211; OLYMP LADENBAU &#8211; ONE GMBH AUSTRIA &#8211; ORBITA UHREN &#8211; \u00d6STERREICHISCHER TEXTILVERBAND &#8211; \u00d6VP &#8211; PARCOFRANCE KOSMETIK &#8211; PHILIPS HIFI &#8211; POLAROID &#8211; PROACT MANAGMENT &#8211; PRO HOLZ &#8211; PROTON HIFI &#8211; PVC &#8211; RBB-BANK &#8211; RACER UHREN &#8211; RANK XEROX &#8211; RATHAUS WIEN &#8211; RAUCHM\u00dcHLE &#8211; RESTAURANT F\u00dcHRICH &#8211; R\u00d6MERQUELLE &#8211; ROSENBURG &#8211; RIPON EDUCATIONAL FUND &#8211; SANDVIK &#8211; SCHLOSS GRAFENEGG &#8211; SCH\u00c4RDINGER &#8211; SCHWEIZER COMPUTER &#8211; SCS V\u00d6SENDORF &#8211; SELECT MODEMESSE &#8211; SEMPERIT &#8211; SHEBA &#8211; STEYR PUCH &#8211; SIEMENS &#8211; SKANDIA &#8211; SKREIN SCHMUCK &#8211; SONY HIFI &#8211; SPARKASSENVERLAG &#8211; SPUR WIEN &#8211; SPORTS EXPERTS &#8211; SP\u00d6 &#8211; STIFTUNG KINDERTRAUM &#8211; STOFFMUSEUM &#8211; SYNCinc ARCHITEKTUR &#8211; TECHNISCHES MUSEUM &#8211; TELDEC &#8211; TELEKOM AUSTRIA AG &#8211; TELE SYSTEM &#8211; THONET M\u00d6BEL &#8211; TIME SYSTEM &#8211; TISCHLEREI AIGNER &amp; AUER &#8211; TWININGS TEA &#8211; UHRENHANDEL SCHMIEDT &#8211; UNISYS COMPUTER &#8211; UZIN &nbsp;&#8211; VICHY KOSMETIK &#8211; VIENNA AIRPORT &#8211; VOLKSBANK &#8211; DR. WALDHEIM &#8211; WECOTEC &#8211; WESTERN LIFE INSURANCE, USA &#8211; WEYEL &#8211; WIENER \/ WIENERIN &#8211; WIENER BLUT &nbsp;&#8211; WIENER MESSE AG &#8211; WIEN KAMPAGNE &#8211; WIENER EINKAUFSSTRASSEN &#8211; WIENER PRIVATBANK &#8211; WINZERHAUS &#8211; WOHNMAGAZIN &#8211; WOJNAR\u00b4S DELIKATESSEN &#8211; WOKA LEUCHTEN &#8211; WOLF PLASTICS &#8211; WWF &#8211; W\u00dcSTENROT &#8211; ZIMM &#8211; MODE K\u00dcNSTLER \/ VIP SHOOTINGS BOURBON STREET\/CD+Covers EAV \/CD+LP EDELWEISS \/CD FALC0 \/CD+LP+Div.Covers HANNES ROSSBACHER \/Cover+WEB HELI DEINBOEK \/CD HIROMI \/CD+WEB LIZ HOWARD \/CD+WEB NAOMI CAMPBELL \/Div.Covers+Mode NINA PROLL \/Div.Cover MOKESCH \/CD+LP+Covers MANUEL ORTEGA \/CD+WEB MICKEY COOK \/CD+WEB CLAUS MARCUS \/CD+WEB DANIELE DOREN \/CD &#8211; OPUS \/CD+LP &#8211; POWER PAC \/CD &#8211; ROLLING STONES \/Concertfotos &#8211; SUMITRA NANJUNDAN \/CD+WEB &#8211; SABATINA JAMES \/CD &#8211; SIR PETER USTINOV \/Div.Covers &#8211; TOPMIXX \/WEB &#8211; WALZERM\u00c4DCHEN \/CD &#8211; WOODHAMS \/CD+Covers &#8211; DIANA ROSS CONCERT &#8211; Ischgl TVB &#8211; GYPSI KINGS CONCERT &#8211; Ischgl TVB &#8211; JON BON JOVI CONCERT &#8211; Ischgl TVB &#8211; TIC TAC TOE CONCERT &#8211; Ischgl TVB &#8211; TINA TURNER CONCERT &#8211; Ischgl TVB \u2026uvm.<\/div>\n<p><\/p>","protected":false},"excerpt":{"rendered":"<p>ADIDAS &#8211; ADLER MODE &#8211; AGIP &#8211; AIR PLUS CARD &#8211; A LA CARTE MAGAZIN &#8211; AKH PEOPLE MAGAZIN &#8211; ALLIANZ VERSICHERUNG &#8211; ALTESSA MODE &#8211; AGENCY MUSIC &#8211; ANGLO IRISH BANK &#8211; APCOA &#8211; ASTRA ZENEKA PHARMA &#8211; ARGE GR\u00dcN ARCHITEKTUR &#8211; ATB ANTRIEBSTECHNIK &#8211; AUSTRIAN AIRLINES &#8211; AVEREL GROUP &#8211; CANADA AXIMA &#8211;&#8230; <span class=\"more\"><a class=\"more-link\" href=\"https:\/\/www.starsandpictures.com\/en\/referenzen\/\">Read More<\/a><\/span><\/p>\n","protected":false},"author":1,"featured_media":0,"parent":0,"menu_order":0,"comment_status":"closed","ping_status":"closed","template":"","meta":{"ngg_post_thumbnail":0,"footnotes":""},"class_list":["post-11","page","type-page","status-publish","hentry"],"aioseo_notices":[],"_links":{"self":[{"href":"https:\/\/www.starsandpictures.com\/en\/wp-json\/wp\/v2\/pages\/11","targetHints":{"allow":["GET"]}}],"collection":[{"href":"https:\/\/www.starsandpictures.com\/en\/wp-json\/wp\/v2\/pages"}],"about":[{"href":"https:\/\/www.starsandpictures.com\/en\/wp-json\/wp\/v2\/types\/page"}],"author":[{"embeddable":true,"href":"https:\/\/www.starsandpictures.com\/en\/wp-json\/wp\/v2\/users\/1"}],"replies":[{"embeddable":true,"href":"https:\/\/www.starsandpictures.com\/en\/wp-json\/wp\/v2\/comments?post=11"}],"version-history":[{"count":62,"href":"https:\/\/www.starsandpictures.com\/en\/wp-json\/wp\/v2\/pages\/11\/revisions"}],"predecessor-version":[{"id":3318,"href":"https:\/\/www.starsandpictures.com\/en\/wp-json\/wp\/v2\/pages\/11\/revisions\/3318"}],"wp:attachment":[{"href":"https:\/\/www.starsandpictures.com\/en\/wp-json\/wp\/v2\/media?parent=11"}],"curies":[{"name":"wp","href":"https:\/\/api.w.org\/{rel}","templated":true}]}}