{"id":82,"date":"2015-03-02T11:24:37","date_gmt":"2015-03-02T10:24:37","guid":{"rendered":"http:\/\/victor4ap.apconsult.at\/~user447\/?page_id=82"},"modified":"2021-03-09T12:06:22","modified_gmt":"2021-03-09T11:06:22","slug":"impressum","status":"publish","type":"page","link":"https:\/\/www.starsandpictures.com\/en\/impressum\/","title":{"rendered":"Imprint"},"content":{"rendered":"<p><\/p>\n<p style=\"text-align: center;\"><strong>CURT THEMESSL PHOTOGRAPHER<\/strong>&nbsp;&#8211; Laudongasse 12\/Top 21 &#8211; 1080 Wien &#8211; \u00d6sterreich<\/p>\n<p style=\"text-align: center;\">ERSTE BANK &#8211; IBAN: AT61 2011 1828 6680 0500 &#8211; BIC: GIBAATWWXXX<\/p>\n<p style=\"text-align: center;\">UID-NR.: ATU 11923409<\/p>\n<p style=\"text-align: center;\">Gerichtsstand Wien<\/p>\n<p style=\"text-align: center;\">Mitglied der Wiener Wirtschaftskammer: WKO 0228009<br \/>\nGewerbe ruhend gemeldet<\/p>\n<p><!--\n\n\n<p style=\"text-align: center;\">Mitglied der Wiener Wirtschaftskammer<\/p>\n\n\n\n\n<p style=\"text-align: center;\"><a href=\"https:\/\/firmen.wko.at\/Web\/DetailsKontakt.aspx?FirmaID=0da461e7-6b60-4ff2-bed2-582c9d3ce87d&amp;StandortID=0&amp;Suchbegriff=stars+and+pictures&amp;Page=1\" target=\"_blank\" rel=\"noopener noreferrer\"><img loading=\"lazy\" decoding=\"async\" class=\" size-full wp-image-2406 aligncenter\" style=\"margin-top: 5px;\" src=\"http:\/\/www.starsandpictures.com\/wp-content\/uploads\/2015\/03\/ecg.gif\" alt=\"ecg\" width=\"169\" height=\"23\" \/><\/a><\/p>\n\n\n--><\/p>\n<p style=\"text-align: center;\">Die&nbsp;Copyrights f\u00fcr alle Bilder, Grafiken, Designs, Sounds und Texte, wenn nicht ausdr\u00fccklich anders erw\u00e4hnt, liegen bei &#8220;CURT THEMESSL PHOTOGRAPHER\u201d und &#8220;STARS AND PICTURES GmbH&#8221;. Eine unerlaubte Nutzung der Bilder ist strafbar und wird bei Versto\u00df unweigerlich zur Anzeige gebracht.<\/p>\n<p style=\"text-align: center;\">***<\/p>\n<p style=\"text-align: center;\">Website realized by <a href=\"http:\/\/www.apconsult.com\" target=\"_blank\" rel=\"noopener noreferrer\">apConsult<\/a><\/p>\n<p style=\"text-align: center;\">***<\/p>\n<p style=\"text-align: center;\"><strong>Datenschutz<\/strong><\/p>\n<p style=\"text-align: center;\">Die Nutzung unserer Webseite ist in der Regel ohne Angabe personenbezogener Daten m\u00f6glich. Soweit auf unseren Seiten personenbezogene Daten (beispielsweise Name, Anschrift oder E-Mail-Adressen) erhoben werden, erfolgt dies auf freiwilliger Basis. Diese Daten werden ohne Ihre ausdr\u00fcckliche Zustimmung nicht an Dritte weitergegeben.<\/p>\n<p style=\"text-align: center;\">Wir weisen darauf hin, dass die Daten\u00fcbertragung im Internet (z.B. bei der Kommunikation via E-Mail) Sicherheitsl\u00fccken aufweisen kann. Ein l\u00fcckenloser Schutz der Daten vor dem Zugriff durch Dritte ist nicht m\u00f6glich.<\/p>\n<p style=\"text-align: center;\"><strong>Datenschutzerkl\u00e4rung f\u00fcr die Nutzung <\/strong><strong>von LinkedIn- und Facebook-Links oder -Plugin<\/strong>s<\/p>\n<p style=\"text-align: center;\">Auf unserer Webseite sind Links oder Plugins zu den sozialen Netzwerken Facebook und LinkedIn integriert. Diese Links oder Plugins erkennen Sie an dem Facebook- und LinkedIn-Logo auf unserer Seite.<\/p>\n<p style=\"text-align: center;\">Wenn Sie unsere Seiten besuchen, wird \u00fcber diese Links oder Plugins eine Verbindung zwischen Ihrem Browser und dem Facebook- oder LinkedIn-Server hergestellt. Facebook oder LinkedIn erhalten dadurch die Information, dass Sie mit Ihrer IP-Adresse unsere Seite besucht haben.<\/p>\n<p style=\"text-align: center;\">Wenn Sie den Facebook \u201cLike-Button\u201d auf unserer Facebook-Seite anklicken, w\u00e4hrend Sie in Ihrem Facebook-Account eingeloggt sind, k\u00f6nnen Sie Inhalte unserer Facebookseite in Ihre Facebook-Seite verlinken. Dadurch kann Facebook den Besuch unserer Seiten Ihrem Benutzerkonto zuordnen. Wir weisen darauf hin, dass wir als Anbieter der Seiten keine Kenntnis vom Inhalt der \u00fcbermittelten Daten sowie deren Nutzung durch Facebook erhalten.<\/p>\n<p style=\"text-align: center;\">Wenn Sie nicht w\u00fcnschen, dass Facebook den Besuch unserer Seiten Ihrem Facebook-Nutzerkonto zuordnen kann, loggen Sie sich bitte nicht in Ihr Facebook-Benutzerkonto ein. Analog gilt das auch f\u00fcr LinkedIn.<\/p>\n<p><\/p>","protected":false},"excerpt":{"rendered":"<p>CURT THEMESSL PHOTOGRAPHER&nbsp;&#8211; Laudongasse 12\/Top 21 &#8211; 1080 Wien &#8211; \u00d6sterreich ERSTE BANK &#8211; IBAN: AT61 2011 1828 6680 0500 &#8211; BIC: GIBAATWWXXX UID-NR.: ATU 11923409 Gerichtsstand Wien Mitglied der Wiener Wirtschaftskammer: WKO 0228009 Gewerbe ruhend gemeldet Die&nbsp;Copyrights f\u00fcr alle Bilder, Grafiken, Designs, Sounds und Texte, wenn nicht ausdr\u00fccklich anders erw\u00e4hnt, liegen bei &#8220;CURT THEMESSL&#8230; <span class=\"more\"><a class=\"more-link\" href=\"https:\/\/www.starsandpictures.com\/en\/impressum\/\">Read More<\/a><\/span><\/p>\n","protected":false},"author":1,"featured_media":0,"parent":0,"menu_order":0,"comment_status":"closed","ping_status":"closed","template":"","meta":{"ngg_post_thumbnail":0,"footnotes":""},"class_list":["post-82","page","type-page","status-publish","hentry"],"aioseo_notices":[],"_links":{"self":[{"href":"https:\/\/www.starsandpictures.com\/en\/wp-json\/wp\/v2\/pages\/82","targetHints":{"allow":["GET"]}}],"collection":[{"href":"https:\/\/www.starsandpictures.com\/en\/wp-json\/wp\/v2\/pages"}],"about":[{"href":"https:\/\/www.starsandpictures.com\/en\/wp-json\/wp\/v2\/types\/page"}],"author":[{"embeddable":true,"href":"https:\/\/www.starsandpictures.com\/en\/wp-json\/wp\/v2\/users\/1"}],"replies":[{"embeddable":true,"href":"https:\/\/www.starsandpictures.com\/en\/wp-json\/wp\/v2\/comments?post=82"}],"version-history":[{"count":39,"href":"https:\/\/www.starsandpictures.com\/en\/wp-json\/wp\/v2\/pages\/82\/revisions"}],"predecessor-version":[{"id":3213,"href":"https:\/\/www.starsandpictures.com\/en\/wp-json\/wp\/v2\/pages\/82\/revisions\/3213"}],"wp:attachment":[{"href":"https:\/\/www.starsandpictures.com\/en\/wp-json\/wp\/v2\/media?parent=82"}],"curies":[{"name":"wp","href":"https:\/\/api.w.org\/{rel}","templated":true}]}}